{"id":35,"date":"2021-07-24T07:50:08","date_gmt":"2021-07-24T07:50:08","guid":{"rendered":"http:\/\/eetcafe-konak.be\/?page_id=35"},"modified":"2025-07-16T12:06:57","modified_gmt":"2025-07-16T12:06:57","slug":"home","status":"publish","type":"page","link":"https:\/\/eetcafe-konak.be\/","title":{"rendered":"Home"},"content":{"rendered":"<p>[et_pb_section fb_built=&#8221;1&#8243; _builder_version=&#8221;4.25.2&#8243; _module_preset=&#8221;default&#8221; background_color=&#8221;#ffffff&#8221; use_background_color_gradient=&#8221;on&#8221; background_color_gradient_direction=&#8221;349deg&#8221; background_color_gradient_stops=&#8221;#1e0f06 0%|rgba(0,0,0,0.7) 39%&#8221; background_color_gradient_overlays_image=&#8221;on&#8221; background_color_gradient_start=&#8221;#1e0f06&#8243; background_color_gradient_end=&#8221;rgba(0,0,0,0.7)&#8221; background_color_gradient_end_position=&#8221;39%&#8221; background_image=&#8221;https:\/\/eetcafe-konak.be\/wp-content\/uploads\/2021\/08\/STANDAARD-ACHTERGROND-2.jpg&#8221; background_blend=&#8221;multiply&#8221; height_tablet=&#8221;&#8221; height_phone=&#8221;&#8221; height_last_edited=&#8221;on|desktop&#8221; custom_margin=&#8221;-40px||||false|false&#8221; custom_padding=&#8221;0px||0px||false|false&#8221; mix_blend_mode=&#8221;multiply&#8221; global_colors_info=&#8221;{}&#8221; da_is_popup=&#8221;off&#8221; da_exit_intent=&#8221;off&#8221; da_has_close=&#8221;on&#8221; da_alt_close=&#8221;off&#8221; da_dark_close=&#8221;off&#8221; da_not_modal=&#8221;on&#8221; da_is_singular=&#8221;off&#8221; da_with_loader=&#8221;off&#8221; da_has_shadow=&#8221;on&#8221; da_disable_devices=&#8221;off|off|off&#8221;][et_pb_row disabled_on=&#8221;on|on|off&#8221; _builder_version=&#8221;4.16&#8243; _module_preset=&#8221;default&#8221; custom_margin=&#8221;||||false|false&#8221; custom_padding=&#8221;50px||5px||false|false&#8221; global_colors_info=&#8221;{}&#8221;][et_pb_column type=&#8221;4_4&#8243; _builder_version=&#8221;4.16&#8243; _module_preset=&#8221;default&#8221; global_colors_info=&#8221;{}&#8221;][et_pb_image src=&#8221;https:\/\/eetcafe-konak.be\/wp-content\/uploads\/2021\/08\/LOGO-BOVENAAN-.png&#8221; alt=&#8221;eetcaf\u00e9 | konak | borgloon | Vid\u00e9 | mosselen | Croque | fietscaf\u00e9&#8221; title_text=&#8221;LOGO BOVENAAN&#8221; align=&#8221;center&#8221; disabled_on=&#8221;on|on|off&#8221; _builder_version=&#8221;4.25.2&#8243; _module_preset=&#8221;default&#8221; width=&#8221;100px&#8221; width_tablet=&#8221;&#8221; width_phone=&#8221;&#8221; width_last_edited=&#8221;on|desktop&#8221; module_alignment=&#8221;center&#8221; height=&#8221;100px&#8221; max_height_tablet=&#8221;&#8221; max_height_phone=&#8221;&#8221; max_height_last_edited=&#8221;on|desktop&#8221; custom_margin=&#8221;||||false|false&#8221; custom_padding=&#8221;||||false|false&#8221; global_colors_info=&#8221;{}&#8221;][\/et_pb_image][\/et_pb_column][\/et_pb_row][et_pb_row _builder_version=&#8221;4.25.2&#8243; _module_preset=&#8221;default&#8221; custom_margin=&#8221;20px||20px||true|false&#8221; border_color_all=&#8221;RGBA(0,0,0,0)&#8221; border_color_left=&#8221;#b69648&#8243; global_colors_info=&#8221;{}&#8221;][et_pb_column type=&#8221;4_4&#8243; _builder_version=&#8221;4.16&#8243; _module_preset=&#8221;default&#8221; border_color_all=&#8221;RGBA(0,0,0,0)&#8221; global_colors_info=&#8221;{}&#8221;][et_pb_text content_tablet=&#8221;<\/p>\n<p>Ontdek onze bistro met een uitgebreide selectie aan heerlijke gerechten en verfrissende drankjes, perfect voor een gezellig uitje met vrienden of familie.<\/p>\n<p>Onze feestzaal is ideaal voor verjaardagsfeestjes, koffietafels en andere speciale gelegenheden, compleet met een terras voor zonnige dagen.<\/p>\n<p>Geniet van onze aparte rokersruimte en maak gebruik van onze gratis vergaderruimte.<\/p>\n<p>Bij sportevenementen biedt Konak een spectaculaire kijkervaring op grote tv-schermen. Al 30 jaar staat Eetcaf\u00e9-Konak in Borgloon bekend om zijn uitstekende prijs-kwaliteit verhouding.<\/p>\n<p>&#8221; content_phone=&#8221;<\/p>\n<p>Ontdek onze bistro met een uitgebreide selectie aan heerlijke gerechten en verfrissende drankjes, perfect voor een gezellig uitje met vrienden of familie.<\/p>\n<p>Onze feestzaal is ideaal voor verjaardagsfeestjes, koffietafels en andere speciale gelegenheden, compleet met een terras voor zonnige dagen.<\/p>\n<p>Geniet van onze aparte rokersruimte en maak gebruik van onze gratis vergaderruimte.<\/p>\n<p>Bij sportevenementen biedt Konak een spectaculaire kijkervaring op grote tv-schermen. Al 30 jaar staat Eetcaf\u00e9-Konak in Borgloon bekend om zijn uitstekende prijs-kwaliteit verhouding.<\/p>\n<p>&#8221; content_last_edited=&#8221;on|phone&#8221; _builder_version=&#8221;4.25.2&#8243; _module_preset=&#8221;default&#8221; text_font=&#8221;Baskervville||||||||&#8221; text_text_color=&#8221;#E09900&#8243; text_font_size=&#8221;22px&#8221; text_line_height=&#8221;2em&#8221; header_text_color=&#8221;#E09900&#8243; background_layout=&#8221;dark&#8221; custom_padding=&#8221;10px|10px|10px|10px|true|true&#8221; text_font_size_tablet=&#8221;&#8221; text_font_size_phone=&#8221;&#8221; text_font_size_last_edited=&#8221;on|desktop&#8221; global_colors_info=&#8221;{}&#8221; text_font_size__hover_enabled=&#8221;off|desktop&#8221;]<\/p>\n<p>Ontdek onze bistro met een uitgebreide selectie aan heerlijke gerechten en verfrissende drankjes, perfect voor een gezellig uitje met vrienden of familie.<\/p>\n<p>Onze feestzaal is ideaal voor verjaardagsfeestjes, koffietafels en andere speciale gelegenheden, compleet met een terras voor zonnige dagen.<\/p>\n<p>Geniet van onze aparte rokersruimte en maak gebruik van onze gratis vergaderruimte.<\/p>\n<p>Bij sportevenementen biedt Konak een spectaculaire kijkervaring op grote tv-schermen. Al 30 jaar staat Eetcaf\u00e9-Konak in Borgloon bekend om zijn uitstekende prijs-kwaliteit verhouding.<\/p>\n<p>[\/et_pb_text][\/et_pb_column][\/et_pb_row][et_pb_row custom_padding_last_edited=&#8221;on|tablet&#8221; _builder_version=&#8221;4.16&#8243; _module_preset=&#8221;default&#8221; width=&#8221;8%&#8221; max_width=&#8221;432px&#8221; module_alignment=&#8221;center&#8221; custom_margin=&#8221;||||false|false&#8221; custom_padding=&#8221;0px||12px||false|false&#8221; custom_padding_tablet=&#8221;||19px||false|false&#8221; custom_padding_phone=&#8221;||25px||false|false&#8221; module_alignment_tablet=&#8221;&#8221; module_alignment_phone=&#8221;&#8221; module_alignment_last_edited=&#8221;on|desktop&#8221; global_colors_info=&#8221;{}&#8221;][et_pb_column type=&#8221;4_4&#8243; _builder_version=&#8221;4.16&#8243; _module_preset=&#8221;default&#8221; global_colors_info=&#8221;{}&#8221;][et_pb_image src=&#8221;https:\/\/eetcafe-konak.be\/wp-content\/uploads\/2021\/08\/LOGO-ONDERAAN-MIDDEN.png&#8221; alt=&#8221;Vide | croque | mosselen | Eetcafe Konak&#8221; title_text=&#8221;LOGO ONDERAAN MIDDEN&#8221; _builder_version=&#8221;4.25.2&#8243; _module_preset=&#8221;default&#8221; transform_scale_linked=&#8221;off&#8221; transform_translate=&#8221;-11px|9px&#8221; custom_margin=&#8221;||||false|false&#8221; custom_padding=&#8221;||||false|false&#8221; filter_sepia=&#8221;1%&#8221; mix_blend_mode=&#8221;color&#8221; animation_style=&#8221;zoom&#8221; animation_direction=&#8221;top&#8221; animation_duration=&#8221;1350ms&#8221; animation_intensity_zoom=&#8221;61%&#8221; animation_starting_opacity=&#8221;1%&#8221; border_radii=&#8221;off|20px|20px||&#8221; border_width_all=&#8221;7px&#8221; border_color_all=&#8221;rgba(224,186,103,0.6)&#8221; box_shadow_style=&#8221;preset1&#8243; box_shadow_color=&#8221;rgba(224,182,92,0.3)&#8221; global_colors_info=&#8221;{}&#8221;][\/et_pb_image][\/et_pb_column][\/et_pb_row][\/et_pb_section]<\/p>\n","protected":false},"excerpt":{"rendered":"<p>Ontdek onze bistro met een uitgebreide selectie aan heerlijke gerechten en verfrissende drankjes, perfect voor een gezellig uitje met vrienden of familie. Onze feestzaal is ideaal voor verjaardagsfeestjes, koffietafels en andere speciale gelegenheden, compleet met een terras voor zonnige dagen. Geniet van onze aparte rokersruimte en maak gebruik van onze gratis vergaderruimte. Bij sportevenementen biedt Konak een spectaculaire kijkervaring op grote tv-schermen. Al 30 jaar staat Eetcaf\u00e9-Konak in Borgloon bekend om zijn uitstekende prijs-kwaliteit verhouding.<\/p>\n","protected":false},"author":1,"featured_media":0,"parent":0,"menu_order":0,"comment_status":"closed","ping_status":"closed","template":"","meta":{"_et_pb_use_builder":"on","_et_pb_old_content":"<!-- wp:divi\/placeholder \/-->","_et_gb_content_width":"","footnotes":""},"class_list":["post-35","page","type-page","status-publish","hentry"],"yoast_head":"<!-- This site is optimized with the Yoast SEO Premium plugin v26.5 (Yoast SEO v27.5) - https:\/\/yoast.com\/product\/yoast-seo-premium-wordpress\/ -->\n<title>Home - Eetcafe-Konak<\/title>\n<meta name=\"robots\" content=\"index, follow, max-snippet:-1, max-image-preview:large, max-video-preview:-1\" \/>\n<link rel=\"canonical\" href=\"https:\/\/eetcafe-konak.be\/\" \/>\n<meta property=\"og:locale\" content=\"nl_BE\" \/>\n<meta property=\"og:type\" content=\"article\" \/>\n<meta property=\"og:title\" content=\"Home\" \/>\n<meta property=\"og:description\" content=\"Ontdek onze bistro met een uitgebreide selectie aan heerlijke gerechten en verfrissende drankjes, perfect voor een gezellig uitje met vrienden of familie. Onze feestzaal is ideaal voor verjaardagsfeestjes, koffietafels en andere speciale gelegenheden, compleet met een terras voor zonnige dagen. Geniet van onze aparte rokersruimte en maak gebruik van onze gratis vergaderruimte. Bij sportevenementen biedt Konak een spectaculaire kijkervaring op grote tv-schermen. Al 30 jaar staat Eetcaf\u00e9-Konak in Borgloon bekend om zijn uitstekende prijs-kwaliteit verhouding.\" \/>\n<meta property=\"og:url\" content=\"https:\/\/eetcafe-konak.be\/\" \/>\n<meta property=\"og:site_name\" content=\"Eetcafe-Konak\" \/>\n<meta property=\"article:publisher\" content=\"https:\/\/www.facebook.com\/search\/top\/?q=eetcafkonakmichelwouters&amp;__stsd__=eyJwcmltYXJ5Ijp7InR5cGUiOiJUWVBFQUhFQURfUEVPUExFX0VOVElUSUVTIn19\" \/>\n<meta property=\"article:modified_time\" content=\"2025-07-16T12:06:57+00:00\" \/>\n<meta name=\"twitter:card\" content=\"summary_large_image\" \/>\n<meta name=\"twitter:label1\" content=\"Geschatte leestijd\" \/>\n\t<meta name=\"twitter:data1\" content=\"4 minuten\" \/>\n<script type=\"application\/ld+json\" class=\"yoast-schema-graph\">{\"@context\":\"https:\\\/\\\/schema.org\",\"@graph\":[{\"@type\":\"WebPage\",\"@id\":\"https:\\\/\\\/eetcafe-konak.be\\\/\",\"url\":\"https:\\\/\\\/eetcafe-konak.be\\\/\",\"name\":\"Home - Eetcafe-Konak\",\"isPartOf\":{\"@id\":\"https:\\\/\\\/eetcafe-konak.be\\\/#website\"},\"datePublished\":\"2021-07-24T07:50:08+00:00\",\"dateModified\":\"2025-07-16T12:06:57+00:00\",\"breadcrumb\":{\"@id\":\"https:\\\/\\\/eetcafe-konak.be\\\/#breadcrumb\"},\"inLanguage\":\"nl-BE\",\"potentialAction\":[{\"@type\":\"ReadAction\",\"target\":[\"https:\\\/\\\/eetcafe-konak.be\\\/\"]}]},{\"@type\":\"BreadcrumbList\",\"@id\":\"https:\\\/\\\/eetcafe-konak.be\\\/#breadcrumb\",\"itemListElement\":[{\"@type\":\"ListItem\",\"position\":1,\"name\":\"Home\",\"item\":\"https:\\\/\\\/eetcafe-konak.be\\\/\"},{\"@type\":\"ListItem\",\"position\":2,\"name\":\"Home\"}]},{\"@type\":\"WebSite\",\"@id\":\"https:\\\/\\\/eetcafe-konak.be\\\/#website\",\"url\":\"https:\\\/\\\/eetcafe-konak.be\\\/\",\"name\":\"Eetcafe-konak\",\"description\":\"Het leukste tourisme caf\u00e9 van vlaanderen\",\"publisher\":{\"@id\":\"https:\\\/\\\/eetcafe-konak.be\\\/#organization\"},\"potentialAction\":[{\"@type\":\"SearchAction\",\"target\":{\"@type\":\"EntryPoint\",\"urlTemplate\":\"https:\\\/\\\/eetcafe-konak.be\\\/?s={search_term_string}\"},\"query-input\":{\"@type\":\"PropertyValueSpecification\",\"valueRequired\":true,\"valueName\":\"search_term_string\"}}],\"inLanguage\":\"nl-BE\"},{\"@type\":\"Organization\",\"@id\":\"https:\\\/\\\/eetcafe-konak.be\\\/#organization\",\"name\":\"Eten | Drinken | Fietscafe | Toerisme | Haspengouw | Borgloon\",\"url\":\"https:\\\/\\\/eetcafe-konak.be\\\/\",\"logo\":{\"@type\":\"ImageObject\",\"inLanguage\":\"nl-BE\",\"@id\":\"https:\\\/\\\/eetcafe-konak.be\\\/#\\\/schema\\\/logo\\\/image\\\/\",\"url\":\"https:\\\/\\\/eetcafe-konak.be\\\/wp-content\\\/uploads\\\/2021\\\/08\\\/LOGO-1-1.jpg\",\"contentUrl\":\"https:\\\/\\\/eetcafe-konak.be\\\/wp-content\\\/uploads\\\/2021\\\/08\\\/LOGO-1-1.jpg\",\"width\":1181,\"height\":1181,\"caption\":\"Eten | Drinken | Fietscafe | Toerisme | Haspengouw | Borgloon\"},\"image\":{\"@id\":\"https:\\\/\\\/eetcafe-konak.be\\\/#\\\/schema\\\/logo\\\/image\\\/\"},\"sameAs\":[\"https:\\\/\\\/www.facebook.com\\\/search\\\/top\\\/?q=eetcafkonakmichelwouters&__stsd__=eyJwcmltYXJ5Ijp7InR5cGUiOiJUWVBFQUhFQURfUEVPUExFX0VOVElUSUVTIn19\"]}]}<\/script>\n<!-- \/ Yoast SEO Premium plugin. -->","yoast_head_json":{"title":"Home - Eetcafe-Konak","robots":{"index":"index","follow":"follow","max-snippet":"max-snippet:-1","max-image-preview":"max-image-preview:large","max-video-preview":"max-video-preview:-1"},"canonical":"https:\/\/eetcafe-konak.be\/","og_locale":"nl_BE","og_type":"article","og_title":"Home","og_description":"Ontdek onze bistro met een uitgebreide selectie aan heerlijke gerechten en verfrissende drankjes, perfect voor een gezellig uitje met vrienden of familie. Onze feestzaal is ideaal voor verjaardagsfeestjes, koffietafels en andere speciale gelegenheden, compleet met een terras voor zonnige dagen. Geniet van onze aparte rokersruimte en maak gebruik van onze gratis vergaderruimte. Bij sportevenementen biedt Konak een spectaculaire kijkervaring op grote tv-schermen. Al 30 jaar staat Eetcaf\u00e9-Konak in Borgloon bekend om zijn uitstekende prijs-kwaliteit verhouding.","og_url":"https:\/\/eetcafe-konak.be\/","og_site_name":"Eetcafe-Konak","article_publisher":"https:\/\/www.facebook.com\/search\/top\/?q=eetcafkonakmichelwouters&__stsd__=eyJwcmltYXJ5Ijp7InR5cGUiOiJUWVBFQUhFQURfUEVPUExFX0VOVElUSUVTIn19","article_modified_time":"2025-07-16T12:06:57+00:00","twitter_card":"summary_large_image","twitter_misc":{"Geschatte leestijd":"4 minuten"},"schema":{"@context":"https:\/\/schema.org","@graph":[{"@type":"WebPage","@id":"https:\/\/eetcafe-konak.be\/","url":"https:\/\/eetcafe-konak.be\/","name":"Home - Eetcafe-Konak","isPartOf":{"@id":"https:\/\/eetcafe-konak.be\/#website"},"datePublished":"2021-07-24T07:50:08+00:00","dateModified":"2025-07-16T12:06:57+00:00","breadcrumb":{"@id":"https:\/\/eetcafe-konak.be\/#breadcrumb"},"inLanguage":"nl-BE","potentialAction":[{"@type":"ReadAction","target":["https:\/\/eetcafe-konak.be\/"]}]},{"@type":"BreadcrumbList","@id":"https:\/\/eetcafe-konak.be\/#breadcrumb","itemListElement":[{"@type":"ListItem","position":1,"name":"Home","item":"https:\/\/eetcafe-konak.be\/"},{"@type":"ListItem","position":2,"name":"Home"}]},{"@type":"WebSite","@id":"https:\/\/eetcafe-konak.be\/#website","url":"https:\/\/eetcafe-konak.be\/","name":"Eetcafe-konak","description":"Het leukste tourisme caf\u00e9 van vlaanderen","publisher":{"@id":"https:\/\/eetcafe-konak.be\/#organization"},"potentialAction":[{"@type":"SearchAction","target":{"@type":"EntryPoint","urlTemplate":"https:\/\/eetcafe-konak.be\/?s={search_term_string}"},"query-input":{"@type":"PropertyValueSpecification","valueRequired":true,"valueName":"search_term_string"}}],"inLanguage":"nl-BE"},{"@type":"Organization","@id":"https:\/\/eetcafe-konak.be\/#organization","name":"Eten | Drinken | Fietscafe | Toerisme | Haspengouw | Borgloon","url":"https:\/\/eetcafe-konak.be\/","logo":{"@type":"ImageObject","inLanguage":"nl-BE","@id":"https:\/\/eetcafe-konak.be\/#\/schema\/logo\/image\/","url":"https:\/\/eetcafe-konak.be\/wp-content\/uploads\/2021\/08\/LOGO-1-1.jpg","contentUrl":"https:\/\/eetcafe-konak.be\/wp-content\/uploads\/2021\/08\/LOGO-1-1.jpg","width":1181,"height":1181,"caption":"Eten | Drinken | Fietscafe | Toerisme | Haspengouw | Borgloon"},"image":{"@id":"https:\/\/eetcafe-konak.be\/#\/schema\/logo\/image\/"},"sameAs":["https:\/\/www.facebook.com\/search\/top\/?q=eetcafkonakmichelwouters&__stsd__=eyJwcmltYXJ5Ijp7InR5cGUiOiJUWVBFQUhFQURfUEVPUExFX0VOVElUSUVTIn19"]}]}},"_links":{"self":[{"href":"https:\/\/eetcafe-konak.be\/index.php?rest_route=\/wp\/v2\/pages\/35","targetHints":{"allow":["GET"]}}],"collection":[{"href":"https:\/\/eetcafe-konak.be\/index.php?rest_route=\/wp\/v2\/pages"}],"about":[{"href":"https:\/\/eetcafe-konak.be\/index.php?rest_route=\/wp\/v2\/types\/page"}],"author":[{"embeddable":true,"href":"https:\/\/eetcafe-konak.be\/index.php?rest_route=\/wp\/v2\/users\/1"}],"replies":[{"embeddable":true,"href":"https:\/\/eetcafe-konak.be\/index.php?rest_route=%2Fwp%2Fv2%2Fcomments&post=35"}],"version-history":[{"count":47,"href":"https:\/\/eetcafe-konak.be\/index.php?rest_route=\/wp\/v2\/pages\/35\/revisions"}],"predecessor-version":[{"id":1131,"href":"https:\/\/eetcafe-konak.be\/index.php?rest_route=\/wp\/v2\/pages\/35\/revisions\/1131"}],"wp:attachment":[{"href":"https:\/\/eetcafe-konak.be\/index.php?rest_route=%2Fwp%2Fv2%2Fmedia&parent=35"}],"curies":[{"name":"wp","href":"https:\/\/api.w.org\/{rel}","templated":true}]}}